{"id":1456,"date":"2022-01-24T10:36:38","date_gmt":"2022-01-24T09:36:38","guid":{"rendered":"https:\/\/fast-gas.com\/cream-dispenser-all-you-need-to-know\/"},"modified":"2024-05-03T13:10:43","modified_gmt":"2024-05-03T13:10:43","slug":"alles-uber-sahnespender","status":"publish","type":"page","link":"https:\/\/fast-gas.com\/de\/alles-uber-sahnespender\/","title":{"rendered":"Wie Funktioniert Ein Sahnespender"},"content":{"rendered":"<p>Der Profi- und Hobbykoch lieben die Sahnespender Rezepte. Ob in der Cocktailbar in der Stadt oder das Gourmetrestaurant auf dem Lande, alle setzen zum Abschluss dem Cocktail und dem leckeren Dessert die Krone auf. Mit den <a href=\"https:\/\/fast-gas.com\/de\/richtlinien-zum-kauf-sahnekapseln\/\" data-cke-saved-href=\"https:\/\/fast-gas.com\/de\/pages\/guidelines-cream-chargers\">Sahnekapseln<\/a> gelingt jede Sahnehaube perfekt. Der Profikoch verwendet die Sahnekapseln ebenso f\u00fcr die Zubereitung raffinierter Sahnespender Rezepte.<\/p>\n<p>Im Sahnespender Forum tauschen sich die Hobbyk\u00f6che \u00fcber den neuen Sahnespender Test sowie die Sahnespender Ersatzteile aus. Die Sahnespender Edelstahl werden dabei genau unter die Lupe genommen. Dabei werden der Hendi Sahnespender, der Sahnespender Amazon, der Mosa Sahnespender und der Sahnespender Edeka mit den Ergebnissen der Test detailliert analysiert. Der WMF Sahnespender und andere Sahnespender Gas erhielten ebenso ihr Testurteil.<\/p>\n<p>Es ist spannend welche Ergebnisse der Sahnespender edeka und der Sahnespender Amazon abgeben. Im Sahnespender Forum findet der Anf\u00e4nger garantiert wichtige Informationen \u00fcber die Sahnespender Heimsyphon Ersatzteile wie den Sahnespender WMF. Jetzt nur noch den Sahnespender kaufen. Dabei ist es wichtig, einen genauen Blick auf den Mosa Sahnespender und den Hendi Sahnespender zu werfen.<\/p>\n<p style=\"text-align: center;\"><a class=\"button button--primary hero__button\" href=\"https:\/\/fast-gas.com\/de\/verteiler\/\">Werden Sie Vertriebspartner<\/a><\/p>\n<h2>Patronen f<span class=\"\">\u00fc<\/span>r sahnespender<\/h2>\n<p>Mit den <a href=\"https:\/\/fast-gas.com\/de\/wie-zu-verweden-sahnekapseln-offner\/\" data-cke-saved-href=\"https:\/\/fast-gas.com\/de\/pages\/how-to-use-cream-cartridges\">Patronen f<span class=\"\">\u00fcr <\/span>Sahnespender <\/a>wird der Sahnespender Edelstahl immer wieder neu bef\u00fcllt. Die Sahnespender Funktion ist einfach zu handhaben. Mit der Sahnespender Anleitung kann im Handumdrehen jedes Sahnehaube einfach gezaubert werden. Durch den beschleunigten Prozess der Sahnespender Funktion wirkt sich dies auf den Geschmack, das Aussehen und letztlich auf die Textur der Sahne aus.<\/p>\n<p>Mit einer unglaublichen hohen Pr\u00e4zision wird die Sahnehaube fest und von professionellen K\u00f6chen wie Hobbyk\u00f6chen gleicherma\u00dfen geliebt. Den Sahnespender Edelstahl sowie die Sahnespender Heimsyphon Ersatzteile k\u00f6nnen jederzeit online bestellt werden. Die Lieferung erfolgt in wenigen Tagen. Es lohnt sich die Sahnekapseln sowie die CO2 Patronen Sahnespender zu bevorraten. So l\u00e4sst sich jederzeit f\u00fcr unerwartete G\u00e4ste eine wundersch\u00f6ne Sahnehaube auf den Cocktail zaubern.<\/p>\n<h2>Sahnespender WMF<\/h2>\n<p>F\u00fcr die perfekte Sahnehaube wird der <a href=\"https:\/\/fast-gas.com\/de\/alles-uber-sahnesyphon\/\" data-cke-saved-href=\"https:\/\/fast-gas.com\/de\/pages\/cream-siphon-everything-you-should-know\">Sahnespender WMF<\/a> oder Sahnespender Amazon ben\u00f6tigt. Der Patronen Sahnespender mit einer gro\u00dfen Sch\u00fcssel sowie einem Auskratzspatel sollten bereitgelegt werden. Die ben\u00f6tigten Zutaten sowie die Sahnespender Kapsel werden genau abgewogen. Falls notwendig, sollten noch die Sahnespender Ersatzteile parat gelegt werden.<\/p>\n<p>Es ist wichtig, dass nach der Sahnespender Anleitung stets der richtige Druck f\u00fcr die jeweilige Sahnespender Rezepte gew\u00e4hlt wird. Der Knopf wird dabei genau nach dem Uhrzeigersinn reguliert. Wenn genau nach der Sahnespender Anleitung f\u00fcr die Sahnespender Kapsel verfahren wird, wird nichts schiefgehen.<\/p>\n<p>Beim <a href=\"https:\/\/fast-gas.com\/de\/alles-uber-sahnesyphon\/\" data-cke-saved-href=\"https:\/\/fast-gas.com\/de\/pages\/cream-siphon-everything-you-should-know\">Sahnespender<\/a> kaufen sollte noch der Sahnespender Test beachtet werden. Der Patronen Sahnespender h\u00e4lt klar, was er verspricht. Wer einmal eine Sahnespender Kapsel verwendet hat, versteht warum die Profis und Hobbyk\u00f6cher sie lieben. Auf keine andere Art l\u00e4sst sich eine solche standfeste Sahne kreieren. Die Sahnespender Funktion ist entsprechend der Anleitung zu bedienen.<\/p>\n<p>Dabei immer auf die Druckangabe achten, damit die sch\u00f6ne und passende Sahnehaube gelingt. Ob Mosa Sahnespender oder Hendi Sahnespender, sie alle werden im Sahnespender Test bewertet. Eine hilfreiche Bewertung im Forum mit den Vor- und Nachteilen warten vor dem Sahnespender kaufen auf interessierte Leser. Der WMF Sahnespender ist ebenso dabei.<\/p>\n<p>Der Sahnespender Gas geh\u00f6rt in jeden Haushalt. Das komplizierte Unterschlagen von Sahne gelingt mit dem Sahnespender Gas garantiert. Das Bangen es k\u00f6nnte schiefgehen, entf\u00e4llt garantiert. Die G\u00e4ste werden staunen, welche raffinierte Desserts nun im Handumdrehen mit dem N2O <a href=\"https:\/\/fast-gas.com\/de\/wie-zu-verweden-sahnekapseln-offner\/\" data-cke-saved-href=\"https:\/\/fast-gas.com\/de\/pages\/how-to-use-cream-cartridges\">Patronen fur Sahnespender<\/a> m\u00f6glich sind. Im Sahnespender Forum findet ein reger Austausch statt.<\/p>\n<p>\u00dcbrigens, die <a href=\"https:\/\/fast-gas.com\/de\/distickstoffmonoxid-in-der-medizinischen-welt\/\" data-cke-saved-href=\"https:\/\/fast-gas.com\/de\/pages\/nitrous-oxide-in-the-medical-world\">Sahnespender<\/a> Ersatzteile sind jederzeit lieferbar. Es muss kein neuer Sahnespender edeka gekauft werden. Wir haben alle N2O Patronen fur Sahnespender ebenso jederzeit lieferbar.<\/p>\n","protected":false},"excerpt":{"rendered":"<p>Der Profi- und Hobbykoch lieben die Sahnespender Rezepte. Ob in der Cocktailbar in der Stadt oder das Gourmetrestaurant auf dem Lande, alle setzen zum Abschluss dem Cocktail und dem leckeren Dessert die Krone auf. Mit den Sahnekapseln gelingt jede Sahnehaube perfekt. Der Profikoch verwendet die Sahnekapseln ebenso f\u00fcr die Zubereitung raffinierter Sahnespender Rezepte. Im Sahnespender [&hellip;]<\/p>\n","protected":false},"author":5216,"featured_media":1307,"parent":0,"menu_order":0,"comment_status":"closed","ping_status":"closed","template":"","meta":{"_acf_changed":false,"footnotes":""},"class_list":["post-1456","page","type-page","status-publish","has-post-thumbnail","hentry"],"acf":[],"yoast_head":"<!-- This site is optimized with the Yoast SEO plugin v27.4 - https:\/\/yoast.com\/product\/yoast-seo-wordpress\/ -->\n<title>Wie Funktioniert Ein Sahnespender | FastGas<\/title>\n<meta name=\"description\" content=\"Sahnespender sind sowohl bei Profi- als bei K\u00f6chen beliebt. Alles \u00fcber den Sahnespender, die Schlagsahne und das Sahnekapseln.\" \/>\n<meta name=\"robots\" content=\"index, follow, max-snippet:-1, max-image-preview:large, max-video-preview:-1\" \/>\n<link rel=\"canonical\" href=\"https:\/\/fast-gas.com\/de\/alles-uber-sahnespender\/\" \/>\n<meta property=\"og:locale\" content=\"de_DE\" \/>\n<meta property=\"og:type\" content=\"article\" \/>\n<meta property=\"og:title\" content=\"Wie Funktioniert Ein Sahnespender | FastGas\" \/>\n<meta property=\"og:description\" content=\"Sahnespender sind sowohl bei Profi- als bei K\u00f6chen beliebt. Alles \u00fcber den Sahnespender, die Schlagsahne und das Sahnekapseln.\" \/>\n<meta property=\"og:url\" content=\"https:\/\/fast-gas.com\/de\/alles-uber-sahnespender\/\" \/>\n<meta property=\"og:site_name\" content=\"FastGas\" \/>\n<meta property=\"article:publisher\" content=\"https:\/\/facebook.com\/wearefastgas\" \/>\n<meta property=\"article:modified_time\" content=\"2024-05-03T13:10:43+00:00\" \/>\n<meta property=\"og:image\" content=\"https:\/\/fast-gas.com\/wp-content\/uploads\/2022\/01\/whipped-cream-advantages.png\" \/>\n\t<meta property=\"og:image:width\" content=\"500\" \/>\n\t<meta property=\"og:image:height\" content=\"500\" \/>\n\t<meta property=\"og:image:type\" content=\"image\/png\" \/>\n<meta name=\"twitter:card\" content=\"summary_large_image\" \/>\n<meta name=\"twitter:label1\" content=\"Est. reading time\" \/>\n\t<meta name=\"twitter:data1\" content=\"3 minutes\" \/>\n<script type=\"application\/ld+json\" class=\"yoast-schema-graph\">{\"@context\":\"https:\\\/\\\/schema.org\",\"@graph\":[{\"@type\":[\"Article\",\"BlogPosting\"],\"@id\":\"https:\\\/\\\/fast-gas.com\\\/de\\\/alles-uber-sahnespender\\\/#article\",\"isPartOf\":{\"@id\":\"https:\\\/\\\/fast-gas.com\\\/de\\\/alles-uber-sahnespender\\\/\"},\"author\":{\"name\":\"Bro FastGas\",\"@id\":\"https:\\\/\\\/fast-gas.com\\\/de\\\/#\\\/schema\\\/person\\\/4b3a9beffb469faf985fef2c2b684689\"},\"headline\":\"Wie Funktioniert Ein Sahnespender\",\"datePublished\":\"2022-01-24T09:36:38+00:00\",\"dateModified\":\"2024-05-03T13:10:43+00:00\",\"mainEntityOfPage\":{\"@id\":\"https:\\\/\\\/fast-gas.com\\\/de\\\/alles-uber-sahnespender\\\/\"},\"wordCount\":597,\"publisher\":{\"@id\":\"https:\\\/\\\/fast-gas.com\\\/de\\\/#organization\"},\"image\":{\"@id\":\"https:\\\/\\\/fast-gas.com\\\/de\\\/alles-uber-sahnespender\\\/#primaryimage\"},\"thumbnailUrl\":\"https:\\\/\\\/fast-gas.com\\\/wp-content\\\/uploads\\\/2022\\\/01\\\/whipped-cream-advantages.png\",\"inLanguage\":\"de-DE\"},{\"@type\":\"WebPage\",\"@id\":\"https:\\\/\\\/fast-gas.com\\\/de\\\/alles-uber-sahnespender\\\/\",\"url\":\"https:\\\/\\\/fast-gas.com\\\/de\\\/alles-uber-sahnespender\\\/\",\"name\":\"Wie Funktioniert Ein Sahnespender | FastGas\",\"isPartOf\":{\"@id\":\"https:\\\/\\\/fast-gas.com\\\/de\\\/#website\"},\"primaryImageOfPage\":{\"@id\":\"https:\\\/\\\/fast-gas.com\\\/de\\\/alles-uber-sahnespender\\\/#primaryimage\"},\"image\":{\"@id\":\"https:\\\/\\\/fast-gas.com\\\/de\\\/alles-uber-sahnespender\\\/#primaryimage\"},\"thumbnailUrl\":\"https:\\\/\\\/fast-gas.com\\\/wp-content\\\/uploads\\\/2022\\\/01\\\/whipped-cream-advantages.png\",\"datePublished\":\"2022-01-24T09:36:38+00:00\",\"dateModified\":\"2024-05-03T13:10:43+00:00\",\"description\":\"Sahnespender sind sowohl bei Profi- als bei K\u00f6chen beliebt. Alles \u00fcber den Sahnespender, die Schlagsahne und das Sahnekapseln.\",\"breadcrumb\":{\"@id\":\"https:\\\/\\\/fast-gas.com\\\/de\\\/alles-uber-sahnespender\\\/#breadcrumb\"},\"inLanguage\":\"de-DE\",\"potentialAction\":[{\"@type\":\"ReadAction\",\"target\":[\"https:\\\/\\\/fast-gas.com\\\/de\\\/alles-uber-sahnespender\\\/\"]}]},{\"@type\":\"ImageObject\",\"inLanguage\":\"de-DE\",\"@id\":\"https:\\\/\\\/fast-gas.com\\\/de\\\/alles-uber-sahnespender\\\/#primaryimage\",\"url\":\"https:\\\/\\\/fast-gas.com\\\/wp-content\\\/uploads\\\/2022\\\/01\\\/whipped-cream-advantages.png\",\"contentUrl\":\"https:\\\/\\\/fast-gas.com\\\/wp-content\\\/uploads\\\/2022\\\/01\\\/whipped-cream-advantages.png\",\"width\":500,\"height\":500,\"caption\":\"Best Whipped Cream Dispenser Instructions | Fast Gas Cream Charger\"},{\"@type\":\"BreadcrumbList\",\"@id\":\"https:\\\/\\\/fast-gas.com\\\/de\\\/alles-uber-sahnespender\\\/#breadcrumb\",\"itemListElement\":[{\"@type\":\"ListItem\",\"position\":1,\"name\":\"Home\",\"item\":\"https:\\\/\\\/fast-gas.com\\\/de\\\/\"},{\"@type\":\"ListItem\",\"position\":2,\"name\":\"Wie Funktioniert Ein Sahnespender\"}]},{\"@type\":\"WebSite\",\"@id\":\"https:\\\/\\\/fast-gas.com\\\/de\\\/#website\",\"url\":\"https:\\\/\\\/fast-gas.com\\\/de\\\/\",\"name\":\"FastGas\",\"description\":\"N2O Cream Chargers\",\"publisher\":{\"@id\":\"https:\\\/\\\/fast-gas.com\\\/de\\\/#organization\"},\"potentialAction\":[{\"@type\":\"SearchAction\",\"target\":{\"@type\":\"EntryPoint\",\"urlTemplate\":\"https:\\\/\\\/fast-gas.com\\\/de\\\/?s={search_term_string}\"},\"query-input\":{\"@type\":\"PropertyValueSpecification\",\"valueRequired\":true,\"valueName\":\"search_term_string\"}}],\"inLanguage\":\"de-DE\"},{\"@type\":\"Organization\",\"@id\":\"https:\\\/\\\/fast-gas.com\\\/de\\\/#organization\",\"name\":\"FastGas - Helium, CO2 & N2O Wholesale\",\"alternateName\":\"Fast Gas\",\"url\":\"https:\\\/\\\/fast-gas.com\\\/de\\\/\",\"logo\":{\"@type\":\"ImageObject\",\"inLanguage\":\"de-DE\",\"@id\":\"https:\\\/\\\/fast-gas.com\\\/de\\\/#\\\/schema\\\/logo\\\/image\\\/\",\"url\":\"https:\\\/\\\/fast-gas.com\\\/wp-content\\\/uploads\\\/2025\\\/03\\\/cropped-Fastgas-Favicon.png\",\"contentUrl\":\"https:\\\/\\\/fast-gas.com\\\/wp-content\\\/uploads\\\/2025\\\/03\\\/cropped-Fastgas-Favicon.png\",\"width\":512,\"height\":512,\"caption\":\"FastGas - Helium, CO2 & N2O Wholesale\"},\"image\":{\"@id\":\"https:\\\/\\\/fast-gas.com\\\/de\\\/#\\\/schema\\\/logo\\\/image\\\/\"},\"sameAs\":[\"https:\\\/\\\/facebook.com\\\/wearefastgas\",\"https:\\\/\\\/www.youtube.com\\\/channel\\\/UCV5w9vrihWFu0yM7SZzQfVQ\\\/videos\",\"https:\\\/\\\/instagram.com\\\/fastgas.official\"]},{\"@type\":\"Person\",\"@id\":\"https:\\\/\\\/fast-gas.com\\\/de\\\/#\\\/schema\\\/person\\\/4b3a9beffb469faf985fef2c2b684689\",\"name\":\"Bro FastGas\",\"description\":\"Meet our Culinary Gas &amp; Tech Editor: pioneering N2O, CO2, and cream charger innovations with recipes, reviews, and cutting-edge insights.\",\"url\":\"https:\\\/\\\/fast-gas.com\\\/de\\\/author\\\/iryna\\\/\"}]}<\/script>\n<!-- \/ Yoast SEO plugin. -->","yoast_head_json":{"title":"Wie Funktioniert Ein Sahnespender | FastGas","description":"Sahnespender sind sowohl bei Profi- als bei K\u00f6chen beliebt. Alles \u00fcber den Sahnespender, die Schlagsahne und das Sahnekapseln.","robots":{"index":"index","follow":"follow","max-snippet":"max-snippet:-1","max-image-preview":"max-image-preview:large","max-video-preview":"max-video-preview:-1"},"canonical":"https:\/\/fast-gas.com\/de\/alles-uber-sahnespender\/","og_locale":"de_DE","og_type":"article","og_title":"Wie Funktioniert Ein Sahnespender | FastGas","og_description":"Sahnespender sind sowohl bei Profi- als bei K\u00f6chen beliebt. Alles \u00fcber den Sahnespender, die Schlagsahne und das Sahnekapseln.","og_url":"https:\/\/fast-gas.com\/de\/alles-uber-sahnespender\/","og_site_name":"FastGas","article_publisher":"https:\/\/facebook.com\/wearefastgas","article_modified_time":"2024-05-03T13:10:43+00:00","og_image":[{"width":500,"height":500,"url":"https:\/\/fast-gas.com\/wp-content\/uploads\/2022\/01\/whipped-cream-advantages.png","type":"image\/png"}],"twitter_card":"summary_large_image","twitter_misc":{"Est. reading time":"3 minutes"},"schema":{"@context":"https:\/\/schema.org","@graph":[{"@type":["Article","BlogPosting"],"@id":"https:\/\/fast-gas.com\/de\/alles-uber-sahnespender\/#article","isPartOf":{"@id":"https:\/\/fast-gas.com\/de\/alles-uber-sahnespender\/"},"author":{"name":"Bro FastGas","@id":"https:\/\/fast-gas.com\/de\/#\/schema\/person\/4b3a9beffb469faf985fef2c2b684689"},"headline":"Wie Funktioniert Ein Sahnespender","datePublished":"2022-01-24T09:36:38+00:00","dateModified":"2024-05-03T13:10:43+00:00","mainEntityOfPage":{"@id":"https:\/\/fast-gas.com\/de\/alles-uber-sahnespender\/"},"wordCount":597,"publisher":{"@id":"https:\/\/fast-gas.com\/de\/#organization"},"image":{"@id":"https:\/\/fast-gas.com\/de\/alles-uber-sahnespender\/#primaryimage"},"thumbnailUrl":"https:\/\/fast-gas.com\/wp-content\/uploads\/2022\/01\/whipped-cream-advantages.png","inLanguage":"de-DE"},{"@type":"WebPage","@id":"https:\/\/fast-gas.com\/de\/alles-uber-sahnespender\/","url":"https:\/\/fast-gas.com\/de\/alles-uber-sahnespender\/","name":"Wie Funktioniert Ein Sahnespender | FastGas","isPartOf":{"@id":"https:\/\/fast-gas.com\/de\/#website"},"primaryImageOfPage":{"@id":"https:\/\/fast-gas.com\/de\/alles-uber-sahnespender\/#primaryimage"},"image":{"@id":"https:\/\/fast-gas.com\/de\/alles-uber-sahnespender\/#primaryimage"},"thumbnailUrl":"https:\/\/fast-gas.com\/wp-content\/uploads\/2022\/01\/whipped-cream-advantages.png","datePublished":"2022-01-24T09:36:38+00:00","dateModified":"2024-05-03T13:10:43+00:00","description":"Sahnespender sind sowohl bei Profi- als bei K\u00f6chen beliebt. Alles \u00fcber den Sahnespender, die Schlagsahne und das Sahnekapseln.","breadcrumb":{"@id":"https:\/\/fast-gas.com\/de\/alles-uber-sahnespender\/#breadcrumb"},"inLanguage":"de-DE","potentialAction":[{"@type":"ReadAction","target":["https:\/\/fast-gas.com\/de\/alles-uber-sahnespender\/"]}]},{"@type":"ImageObject","inLanguage":"de-DE","@id":"https:\/\/fast-gas.com\/de\/alles-uber-sahnespender\/#primaryimage","url":"https:\/\/fast-gas.com\/wp-content\/uploads\/2022\/01\/whipped-cream-advantages.png","contentUrl":"https:\/\/fast-gas.com\/wp-content\/uploads\/2022\/01\/whipped-cream-advantages.png","width":500,"height":500,"caption":"Best Whipped Cream Dispenser Instructions | Fast Gas Cream Charger"},{"@type":"BreadcrumbList","@id":"https:\/\/fast-gas.com\/de\/alles-uber-sahnespender\/#breadcrumb","itemListElement":[{"@type":"ListItem","position":1,"name":"Home","item":"https:\/\/fast-gas.com\/de\/"},{"@type":"ListItem","position":2,"name":"Wie Funktioniert Ein Sahnespender"}]},{"@type":"WebSite","@id":"https:\/\/fast-gas.com\/de\/#website","url":"https:\/\/fast-gas.com\/de\/","name":"FastGas","description":"N2O Cream Chargers","publisher":{"@id":"https:\/\/fast-gas.com\/de\/#organization"},"potentialAction":[{"@type":"SearchAction","target":{"@type":"EntryPoint","urlTemplate":"https:\/\/fast-gas.com\/de\/?s={search_term_string}"},"query-input":{"@type":"PropertyValueSpecification","valueRequired":true,"valueName":"search_term_string"}}],"inLanguage":"de-DE"},{"@type":"Organization","@id":"https:\/\/fast-gas.com\/de\/#organization","name":"FastGas - Helium, CO2 & N2O Wholesale","alternateName":"Fast Gas","url":"https:\/\/fast-gas.com\/de\/","logo":{"@type":"ImageObject","inLanguage":"de-DE","@id":"https:\/\/fast-gas.com\/de\/#\/schema\/logo\/image\/","url":"https:\/\/fast-gas.com\/wp-content\/uploads\/2025\/03\/cropped-Fastgas-Favicon.png","contentUrl":"https:\/\/fast-gas.com\/wp-content\/uploads\/2025\/03\/cropped-Fastgas-Favicon.png","width":512,"height":512,"caption":"FastGas - Helium, CO2 & N2O Wholesale"},"image":{"@id":"https:\/\/fast-gas.com\/de\/#\/schema\/logo\/image\/"},"sameAs":["https:\/\/facebook.com\/wearefastgas","https:\/\/www.youtube.com\/channel\/UCV5w9vrihWFu0yM7SZzQfVQ\/videos","https:\/\/instagram.com\/fastgas.official"]},{"@type":"Person","@id":"https:\/\/fast-gas.com\/de\/#\/schema\/person\/4b3a9beffb469faf985fef2c2b684689","name":"Bro FastGas","description":"Meet our Culinary Gas &amp; Tech Editor: pioneering N2O, CO2, and cream charger innovations with recipes, reviews, and cutting-edge insights.","url":"https:\/\/fast-gas.com\/de\/author\/iryna\/"}]}},"_links":{"self":[{"href":"https:\/\/fast-gas.com\/de\/wp-json\/wp\/v2\/pages\/1456","targetHints":{"allow":["GET"]}}],"collection":[{"href":"https:\/\/fast-gas.com\/de\/wp-json\/wp\/v2\/pages"}],"about":[{"href":"https:\/\/fast-gas.com\/de\/wp-json\/wp\/v2\/types\/page"}],"author":[{"embeddable":true,"href":"https:\/\/fast-gas.com\/de\/wp-json\/wp\/v2\/users\/5216"}],"replies":[{"embeddable":true,"href":"https:\/\/fast-gas.com\/de\/wp-json\/wp\/v2\/comments?post=1456"}],"version-history":[{"count":11,"href":"https:\/\/fast-gas.com\/de\/wp-json\/wp\/v2\/pages\/1456\/revisions"}],"predecessor-version":[{"id":34988,"href":"https:\/\/fast-gas.com\/de\/wp-json\/wp\/v2\/pages\/1456\/revisions\/34988"}],"wp:featuredmedia":[{"embeddable":true,"href":"https:\/\/fast-gas.com\/de\/wp-json\/wp\/v2\/media\/1307"}],"wp:attachment":[{"href":"https:\/\/fast-gas.com\/de\/wp-json\/wp\/v2\/media?parent=1456"}],"curies":[{"name":"wp","href":"https:\/\/api.w.org\/{rel}","templated":true}]}}