{"id":1453,"date":"2022-01-24T10:36:38","date_gmt":"2022-01-24T09:36:38","guid":{"rendered":"https:\/\/fast-gas.com\/how-to-use-cream-cartridges\/"},"modified":"2024-05-02T10:49:44","modified_gmt":"2024-05-02T10:49:44","slug":"wie-zu-verweden-sahnekapseln-offner","status":"publish","type":"page","link":"https:\/\/fast-gas.com\/de\/wie-zu-verweden-sahnekapseln-offner\/","title":{"rendered":"Wie zu verwenden Sahnekapseln \u00f6ffner"},"content":{"rendered":"<p>Mit dem <a href=\"https:\/\/fast-gas.com\/de\/richtlinien-zum-kauf-sahnekapseln\/\" data-cke-saved-href=\"https:\/\/fast-gas.com\/de\/pages\/guidelines-cream-chargers\">Sahnekapseln\u00f6ffner<\/a> k\u00f6nnen die Sahnespender Kapseln ge\u00f6ffnet werden. Jedoch d\u00fcrfen die Sahnekapseln auf keinen Fall eingeatmet werden. Dies kann zu gesundheitlichen St\u00f6rungen f\u00fchren. Derzeit fungiert genau dieses Handeln als neue Modedroge.Das zentrale Nervensystem kann durch das Sahnekapseln einatmen stark gesch\u00e4digt werden.<\/p>\n<p>Die Sahne Gaskapseln dienen alleine zum Erzeugen von einer Sahnehaube, zum Kreieren von leckeren Desserts und Moussevarianten sowie zum Verfeinern von So\u00dfen. Das Sahnekapseln einatmen ist verboten. Die Sahnekapseln Kaufland und die Sahnekapseln DM sowie die Sahnekapseln Aldi funktionieren alle nach dem gleichen System. Die N2O Sahnekapseln werden mit Druck bet\u00e4tigt. Mit dem unterschiedlichen Druck der <a href=\"https:\/\/fast-gas.com\/de\/richtlinien-zum-kauf-sahnekapseln\/\" data-cke-saved-href=\"https:\/\/fast-gas.com\/de\/pages\/guidelines-cream-chargers\">N2O\u00a0Sahnekapseln<\/a> k\u00f6nnen unterschiedliche <a href=\"https:\/\/fast-gas.com\/de\/alles-uber-sahnesyphon\/\" data-cke-saved-href=\"https:\/\/fast-gas.com\/de\/pages\/cream-dispenser-all-you-need-to-know\">Sahnekreationen<\/a> erschaffen werden.<\/p>\n<p style=\"text-align: center;\"><a class=\"button button--primary hero__button\" href=\"https:\/\/fast-gas.com\/de\/verteiler\/\">Werden Sie Vertriebspartner<\/a><\/p>\n<h2><b>Sahnekapseln \u00f6ffnen &#8211; wie macht mann das?<\/b><\/h2>\n<p>Zum Kochen und Verfeinern eignen sich jede Sahnespender Kapsel. Die Sahnekapseln Kaufland, die Sahnekapseln DM, die Sahnekapseln Aldi, die Sahnekapseln Real, die Hendi Sahnekapseln sowie die <a href=\"https:\/\/fast-gas.com\/de\/alles-uber-sahnesyphon\/\" data-cke-saved-href=\"https:\/\/fast-gas.com\/de\/pages\/cream-dispenser-all-you-need-to-know\">Sahnespender<\/a> Kapseln mit den exotischen Geschmacksrichtungen sind online wie im Handel direkt zu erwerben. Die Patronen Sahnespender k\u00f6nnen jederzeit neu bef\u00fcllt werden. Dazu passend gibt es die N2O Sahnekapseln sowie die Sahnekapseln Real und die Sahnekapseln Kaufland.<\/p>\n<p>Dabei sollte immer beachtet werden, dass das Sahnekapseln \u00f6ffnen vermieden werden sollte. Dies betrifft ebenso das N2O Kapseln \u00f6ffnen. Die Sahnekapseln Real sowie die Sahnekapseln DM sollte stets verschlossen bleiben. Des Weiteren betrifft es ebenso die Sahnekapseln Aldi sowie die Hendi Sahnekapseln. Die Sahnekapseln \u00f6ffnen sollte nur dem Hersteller \u00fcberlassen werden.<\/p>\n<p>Das <a href=\"https:\/\/fast-gas.com\/de\/distickstoffmonoxid-in-der-medizinischen-welt\/\" data-cke-saved-href=\"https:\/\/fast-gas.com\/de\/pages\/nitrous-oxide-in-the-medical-world\">Sahnespender Gas<\/a> direkt eingeatmet f\u00fchrt unter Umst\u00e4nden zu Atemwegsproblemen. Dies betrifft jede Sahnespender Kapsel. Das Sahnespender Gas dient alleine zur Zubereitung von leckeren Sahnehauben und Desserts. Dies betrifft ebenso das N2o Kapseln \u00f6ffnen.<\/p>\n<h2><b>Der Sahnekapseln Inhalt<\/b><\/h2>\n<p>Der Sahnekapseln Inhalt ist nur f\u00fcr die Benutzung als Druckmittel zur <a href=\"https:\/\/fast-gas.com\/de\/alles-uber-sahnesyphon\/\" data-cke-saved-href=\"https:\/\/fast-gas.com\/de\/pages\/cream-siphon-everything-you-should-know\">Sahneerstellung<\/a> gedacht. Mit dem Sahnekapseln Inhalt kann ein Dessert verfeinert und eine <a href=\"https:\/\/fast-gas.com\/de\/alles-uber-sahnespender\/\" data-cke-saved-href=\"https:\/\/fast-gas.com\/de\/pages\/cream-siphon-everything-you-should-know\">Sahnehaube<\/a> kreiert werden. Die Sahne Gaskapseln erfreuen sich wachsender Beliebtheit. Mit dem Patronen Sahnespender werden die sch\u00f6nsten Sahnehauben geschaffen.<\/p>\n<p>F\u00fcr die Hendi Sahnekapseln gilt ebenso, dass das Sahnekapseln \u00f6ffnen nicht erlaubt ist. Die Patronen Sahnespender waren bisher eher in den Profik\u00fcchen Gang und Gebe. Mittlerweile halten Sie immer mehr Einzug in die privaten Haushalte. Dadurch kamen leider die Jugendliche auf Dumme Ideen und nutzen die Sahne Gaskapseln zum Inhalieren.<\/p>\n<p>Dies kann zu schweren Atemwegsproblemen f\u00fchren. Der Hersteller verweist explizit darauf, dass das Sahnekapseln einatmen sehr gef\u00e4hrlich sein kann. Auch wenn der Rausch nur Sekunden oder drei Minuten anh\u00e4lt.<\/p>\n<p>Mit dem Sahnespender Gas wird die Sahne so optimal auf dem Cocktail platziert, dass eine normal geschlagene Sahne definitiv nicht mithalten kann. Die <a href=\"https:\/\/fast-gas.com\/de\/richtlinien-zum-kauf-sahnekapseln\/\" data-cke-saved-href=\"https:\/\/fast-gas.com\/de\/pages\/guidelines-cream-chargers\">Sahnespender Kapsel<\/a> ist genau mit dem Inhalt gef\u00fcllt, welche sie f\u00fcr eine optimale Sahnehaube ben\u00f6tigt. Mit dem Inhalt k\u00f6nnen sehr viel sch\u00f6ne Sahnehauben erschaffen. Der Schaum ist lecker und keineswegs k\u00fcnstlich.<\/p>\n<p>Mittlerweile gibt es den Sahneschaum in diversen Geschmacksrichtungen. Sind die Patronen leer, dann k\u00f6nnen diese wieder bef\u00fcllt werden. Der Sahnekapseln Inhalt reicht f\u00fcr viele Sahnehauben. Die G\u00e4ste k\u00f6nnen also zahlreich kommen. Sie werden staunen, wie lecker die Sahnehauben schmecken.<\/p>\n<p>Sie sind nicht nur ein Augenschmaus, sondern im Gaumen bereiten sie gro\u00dfe Freude. Dies betrifft nicht nur die Naschkatzen unter den Cocktailliebhabern, sondern ebenso die Genussmenschen, welche eher nicht so auf einen s\u00fc\u00dfen Geschmack stehen.<\/p>\n<p>Noch ein abschlie\u00dfender Hinweis: Das Sahnekapseln \u00f6ffnen sollte ebenso nicht aus Neugier geschehen. Letztlich besteht Verletzungsgefahr und das ausweichende Gas ist nicht geeignet, um es vom Verbraucher durch eigenes \u00d6ffnen freizusetzen. Bei Fragen zum Thema mit dem Umgang mit den Kapseln, steht der Produzent jederzeit gerne zur Verf\u00fcgung.<\/p>\n","protected":false},"excerpt":{"rendered":"<p>Mit dem Sahnekapseln\u00f6ffner k\u00f6nnen die Sahnespender Kapseln ge\u00f6ffnet werden. Jedoch d\u00fcrfen die Sahnekapseln auf keinen Fall eingeatmet werden. Dies kann zu gesundheitlichen St\u00f6rungen f\u00fchren. Derzeit fungiert genau dieses Handeln als neue Modedroge.Das zentrale Nervensystem kann durch das Sahnekapseln einatmen stark gesch\u00e4digt werden. Die Sahne Gaskapseln dienen alleine zum Erzeugen von einer Sahnehaube, zum Kreieren von [&hellip;]<\/p>\n","protected":false},"author":5216,"featured_media":1247,"parent":0,"menu_order":0,"comment_status":"closed","ping_status":"closed","template":"","meta":{"_acf_changed":false,"footnotes":""},"class_list":["post-1453","page","type-page","status-publish","has-post-thumbnail","hentry"],"acf":[],"yoast_head":"<!-- This site is optimized with the Yoast SEO plugin v27.4 - https:\/\/yoast.com\/product\/yoast-seo-wordpress\/ -->\n<title>Wie zu verwenden Sahnekapseln \u00f6ffner | FastGas Sahnekapseln<\/title>\n<meta name=\"description\" content=\"Die Sahnepatronen von Kaufland, die Patronen von DM, die Sahnepatronen von Aldi und die Hendi Sahnekapseln sind alle geeignet.\" \/>\n<meta name=\"robots\" content=\"index, follow, max-snippet:-1, max-image-preview:large, max-video-preview:-1\" \/>\n<link rel=\"canonical\" href=\"https:\/\/fast-gas.com\/de\/wie-zu-verweden-sahnekapseln-offner\/\" \/>\n<meta property=\"og:locale\" content=\"de_DE\" \/>\n<meta property=\"og:type\" content=\"article\" \/>\n<meta property=\"og:title\" content=\"Wie zu verwenden Sahnekapseln \u00f6ffner | FastGas Sahnekapseln\" \/>\n<meta property=\"og:description\" content=\"Die Sahnepatronen von Kaufland, die Patronen von DM, die Sahnepatronen von Aldi und die Hendi Sahnekapseln sind alle geeignet.\" \/>\n<meta property=\"og:url\" content=\"https:\/\/fast-gas.com\/de\/wie-zu-verweden-sahnekapseln-offner\/\" \/>\n<meta property=\"og:site_name\" content=\"FastGas\" \/>\n<meta property=\"article:publisher\" content=\"https:\/\/facebook.com\/wearefastgas\" \/>\n<meta property=\"article:modified_time\" content=\"2024-05-02T10:49:44+00:00\" \/>\n<meta property=\"og:image\" content=\"https:\/\/fast-gas.com\/wp-content\/uploads\/2022\/01\/Schermafbeelding-2022-01-26-om-13.03.00.png\" \/>\n\t<meta property=\"og:image:width\" content=\"2356\" \/>\n\t<meta property=\"og:image:height\" content=\"1254\" \/>\n\t<meta property=\"og:image:type\" content=\"image\/png\" \/>\n<meta name=\"twitter:card\" content=\"summary_large_image\" \/>\n<meta name=\"twitter:label1\" content=\"Est. reading time\" \/>\n\t<meta name=\"twitter:data1\" content=\"3 minutes\" \/>\n<script type=\"application\/ld+json\" class=\"yoast-schema-graph\">{\"@context\":\"https:\\\/\\\/schema.org\",\"@graph\":[{\"@type\":[\"Article\",\"BlogPosting\"],\"@id\":\"https:\\\/\\\/fast-gas.com\\\/de\\\/wie-zu-verweden-sahnekapseln-offner\\\/#article\",\"isPartOf\":{\"@id\":\"https:\\\/\\\/fast-gas.com\\\/de\\\/wie-zu-verweden-sahnekapseln-offner\\\/\"},\"author\":{\"name\":\"Bro FastGas\",\"@id\":\"https:\\\/\\\/fast-gas.com\\\/de\\\/#\\\/schema\\\/person\\\/4b3a9beffb469faf985fef2c2b684689\"},\"headline\":\"Wie zu verwenden Sahnekapseln \u00f6ffner\",\"datePublished\":\"2022-01-24T09:36:38+00:00\",\"dateModified\":\"2024-05-02T10:49:44+00:00\",\"mainEntityOfPage\":{\"@id\":\"https:\\\/\\\/fast-gas.com\\\/de\\\/wie-zu-verweden-sahnekapseln-offner\\\/\"},\"wordCount\":610,\"publisher\":{\"@id\":\"https:\\\/\\\/fast-gas.com\\\/de\\\/#organization\"},\"image\":{\"@id\":\"https:\\\/\\\/fast-gas.com\\\/de\\\/wie-zu-verweden-sahnekapseln-offner\\\/#primaryimage\"},\"thumbnailUrl\":\"https:\\\/\\\/fast-gas.com\\\/wp-content\\\/uploads\\\/2022\\\/01\\\/Schermafbeelding-2022-01-26-om-13.03.00.png\",\"inLanguage\":\"de-DE\"},{\"@type\":\"WebPage\",\"@id\":\"https:\\\/\\\/fast-gas.com\\\/de\\\/wie-zu-verweden-sahnekapseln-offner\\\/\",\"url\":\"https:\\\/\\\/fast-gas.com\\\/de\\\/wie-zu-verweden-sahnekapseln-offner\\\/\",\"name\":\"Wie zu verwenden Sahnekapseln \u00f6ffner | FastGas Sahnekapseln\",\"isPartOf\":{\"@id\":\"https:\\\/\\\/fast-gas.com\\\/de\\\/#website\"},\"primaryImageOfPage\":{\"@id\":\"https:\\\/\\\/fast-gas.com\\\/de\\\/wie-zu-verweden-sahnekapseln-offner\\\/#primaryimage\"},\"image\":{\"@id\":\"https:\\\/\\\/fast-gas.com\\\/de\\\/wie-zu-verweden-sahnekapseln-offner\\\/#primaryimage\"},\"thumbnailUrl\":\"https:\\\/\\\/fast-gas.com\\\/wp-content\\\/uploads\\\/2022\\\/01\\\/Schermafbeelding-2022-01-26-om-13.03.00.png\",\"datePublished\":\"2022-01-24T09:36:38+00:00\",\"dateModified\":\"2024-05-02T10:49:44+00:00\",\"description\":\"Die Sahnepatronen von Kaufland, die Patronen von DM, die Sahnepatronen von Aldi und die Hendi Sahnekapseln sind alle geeignet.\",\"breadcrumb\":{\"@id\":\"https:\\\/\\\/fast-gas.com\\\/de\\\/wie-zu-verweden-sahnekapseln-offner\\\/#breadcrumb\"},\"inLanguage\":\"de-DE\",\"potentialAction\":[{\"@type\":\"ReadAction\",\"target\":[\"https:\\\/\\\/fast-gas.com\\\/de\\\/wie-zu-verweden-sahnekapseln-offner\\\/\"]}]},{\"@type\":\"ImageObject\",\"inLanguage\":\"de-DE\",\"@id\":\"https:\\\/\\\/fast-gas.com\\\/de\\\/wie-zu-verweden-sahnekapseln-offner\\\/#primaryimage\",\"url\":\"https:\\\/\\\/fast-gas.com\\\/wp-content\\\/uploads\\\/2022\\\/01\\\/Schermafbeelding-2022-01-26-om-13.03.00.png\",\"contentUrl\":\"https:\\\/\\\/fast-gas.com\\\/wp-content\\\/uploads\\\/2022\\\/01\\\/Schermafbeelding-2022-01-26-om-13.03.00.png\",\"width\":2356,\"height\":1254,\"caption\":\"N2O Nitrous Oxide Whipped Cream Chargers\"},{\"@type\":\"BreadcrumbList\",\"@id\":\"https:\\\/\\\/fast-gas.com\\\/de\\\/wie-zu-verweden-sahnekapseln-offner\\\/#breadcrumb\",\"itemListElement\":[{\"@type\":\"ListItem\",\"position\":1,\"name\":\"Home\",\"item\":\"https:\\\/\\\/fast-gas.com\\\/de\\\/\"},{\"@type\":\"ListItem\",\"position\":2,\"name\":\"Wie zu verwenden Sahnekapseln \u00f6ffner\"}]},{\"@type\":\"WebSite\",\"@id\":\"https:\\\/\\\/fast-gas.com\\\/de\\\/#website\",\"url\":\"https:\\\/\\\/fast-gas.com\\\/de\\\/\",\"name\":\"FastGas\",\"description\":\"N2O Cream Chargers\",\"publisher\":{\"@id\":\"https:\\\/\\\/fast-gas.com\\\/de\\\/#organization\"},\"potentialAction\":[{\"@type\":\"SearchAction\",\"target\":{\"@type\":\"EntryPoint\",\"urlTemplate\":\"https:\\\/\\\/fast-gas.com\\\/de\\\/?s={search_term_string}\"},\"query-input\":{\"@type\":\"PropertyValueSpecification\",\"valueRequired\":true,\"valueName\":\"search_term_string\"}}],\"inLanguage\":\"de-DE\"},{\"@type\":\"Organization\",\"@id\":\"https:\\\/\\\/fast-gas.com\\\/de\\\/#organization\",\"name\":\"FastGas - Helium, CO2 & N2O Wholesale\",\"alternateName\":\"Fast Gas\",\"url\":\"https:\\\/\\\/fast-gas.com\\\/de\\\/\",\"logo\":{\"@type\":\"ImageObject\",\"inLanguage\":\"de-DE\",\"@id\":\"https:\\\/\\\/fast-gas.com\\\/de\\\/#\\\/schema\\\/logo\\\/image\\\/\",\"url\":\"https:\\\/\\\/fast-gas.com\\\/wp-content\\\/uploads\\\/2025\\\/03\\\/cropped-Fastgas-Favicon.png\",\"contentUrl\":\"https:\\\/\\\/fast-gas.com\\\/wp-content\\\/uploads\\\/2025\\\/03\\\/cropped-Fastgas-Favicon.png\",\"width\":512,\"height\":512,\"caption\":\"FastGas - Helium, CO2 & N2O Wholesale\"},\"image\":{\"@id\":\"https:\\\/\\\/fast-gas.com\\\/de\\\/#\\\/schema\\\/logo\\\/image\\\/\"},\"sameAs\":[\"https:\\\/\\\/facebook.com\\\/wearefastgas\",\"https:\\\/\\\/www.youtube.com\\\/channel\\\/UCV5w9vrihWFu0yM7SZzQfVQ\\\/videos\",\"https:\\\/\\\/instagram.com\\\/fastgas.official\"]},{\"@type\":\"Person\",\"@id\":\"https:\\\/\\\/fast-gas.com\\\/de\\\/#\\\/schema\\\/person\\\/4b3a9beffb469faf985fef2c2b684689\",\"name\":\"Bro FastGas\",\"description\":\"Meet our Culinary Gas &amp; Tech Editor: pioneering N2O, CO2, and cream charger innovations with recipes, reviews, and cutting-edge insights.\",\"url\":\"https:\\\/\\\/fast-gas.com\\\/de\\\/author\\\/iryna\\\/\"}]}<\/script>\n<!-- \/ Yoast SEO plugin. -->","yoast_head_json":{"title":"Wie zu verwenden Sahnekapseln \u00f6ffner | FastGas Sahnekapseln","description":"Die Sahnepatronen von Kaufland, die Patronen von DM, die Sahnepatronen von Aldi und die Hendi Sahnekapseln sind alle geeignet.","robots":{"index":"index","follow":"follow","max-snippet":"max-snippet:-1","max-image-preview":"max-image-preview:large","max-video-preview":"max-video-preview:-1"},"canonical":"https:\/\/fast-gas.com\/de\/wie-zu-verweden-sahnekapseln-offner\/","og_locale":"de_DE","og_type":"article","og_title":"Wie zu verwenden Sahnekapseln \u00f6ffner | FastGas Sahnekapseln","og_description":"Die Sahnepatronen von Kaufland, die Patronen von DM, die Sahnepatronen von Aldi und die Hendi Sahnekapseln sind alle geeignet.","og_url":"https:\/\/fast-gas.com\/de\/wie-zu-verweden-sahnekapseln-offner\/","og_site_name":"FastGas","article_publisher":"https:\/\/facebook.com\/wearefastgas","article_modified_time":"2024-05-02T10:49:44+00:00","og_image":[{"width":2356,"height":1254,"url":"https:\/\/fast-gas.com\/wp-content\/uploads\/2022\/01\/Schermafbeelding-2022-01-26-om-13.03.00.png","type":"image\/png"}],"twitter_card":"summary_large_image","twitter_misc":{"Est. reading time":"3 minutes"},"schema":{"@context":"https:\/\/schema.org","@graph":[{"@type":["Article","BlogPosting"],"@id":"https:\/\/fast-gas.com\/de\/wie-zu-verweden-sahnekapseln-offner\/#article","isPartOf":{"@id":"https:\/\/fast-gas.com\/de\/wie-zu-verweden-sahnekapseln-offner\/"},"author":{"name":"Bro FastGas","@id":"https:\/\/fast-gas.com\/de\/#\/schema\/person\/4b3a9beffb469faf985fef2c2b684689"},"headline":"Wie zu verwenden Sahnekapseln \u00f6ffner","datePublished":"2022-01-24T09:36:38+00:00","dateModified":"2024-05-02T10:49:44+00:00","mainEntityOfPage":{"@id":"https:\/\/fast-gas.com\/de\/wie-zu-verweden-sahnekapseln-offner\/"},"wordCount":610,"publisher":{"@id":"https:\/\/fast-gas.com\/de\/#organization"},"image":{"@id":"https:\/\/fast-gas.com\/de\/wie-zu-verweden-sahnekapseln-offner\/#primaryimage"},"thumbnailUrl":"https:\/\/fast-gas.com\/wp-content\/uploads\/2022\/01\/Schermafbeelding-2022-01-26-om-13.03.00.png","inLanguage":"de-DE"},{"@type":"WebPage","@id":"https:\/\/fast-gas.com\/de\/wie-zu-verweden-sahnekapseln-offner\/","url":"https:\/\/fast-gas.com\/de\/wie-zu-verweden-sahnekapseln-offner\/","name":"Wie zu verwenden Sahnekapseln \u00f6ffner | FastGas Sahnekapseln","isPartOf":{"@id":"https:\/\/fast-gas.com\/de\/#website"},"primaryImageOfPage":{"@id":"https:\/\/fast-gas.com\/de\/wie-zu-verweden-sahnekapseln-offner\/#primaryimage"},"image":{"@id":"https:\/\/fast-gas.com\/de\/wie-zu-verweden-sahnekapseln-offner\/#primaryimage"},"thumbnailUrl":"https:\/\/fast-gas.com\/wp-content\/uploads\/2022\/01\/Schermafbeelding-2022-01-26-om-13.03.00.png","datePublished":"2022-01-24T09:36:38+00:00","dateModified":"2024-05-02T10:49:44+00:00","description":"Die Sahnepatronen von Kaufland, die Patronen von DM, die Sahnepatronen von Aldi und die Hendi Sahnekapseln sind alle geeignet.","breadcrumb":{"@id":"https:\/\/fast-gas.com\/de\/wie-zu-verweden-sahnekapseln-offner\/#breadcrumb"},"inLanguage":"de-DE","potentialAction":[{"@type":"ReadAction","target":["https:\/\/fast-gas.com\/de\/wie-zu-verweden-sahnekapseln-offner\/"]}]},{"@type":"ImageObject","inLanguage":"de-DE","@id":"https:\/\/fast-gas.com\/de\/wie-zu-verweden-sahnekapseln-offner\/#primaryimage","url":"https:\/\/fast-gas.com\/wp-content\/uploads\/2022\/01\/Schermafbeelding-2022-01-26-om-13.03.00.png","contentUrl":"https:\/\/fast-gas.com\/wp-content\/uploads\/2022\/01\/Schermafbeelding-2022-01-26-om-13.03.00.png","width":2356,"height":1254,"caption":"N2O Nitrous Oxide Whipped Cream Chargers"},{"@type":"BreadcrumbList","@id":"https:\/\/fast-gas.com\/de\/wie-zu-verweden-sahnekapseln-offner\/#breadcrumb","itemListElement":[{"@type":"ListItem","position":1,"name":"Home","item":"https:\/\/fast-gas.com\/de\/"},{"@type":"ListItem","position":2,"name":"Wie zu verwenden Sahnekapseln \u00f6ffner"}]},{"@type":"WebSite","@id":"https:\/\/fast-gas.com\/de\/#website","url":"https:\/\/fast-gas.com\/de\/","name":"FastGas","description":"N2O Cream Chargers","publisher":{"@id":"https:\/\/fast-gas.com\/de\/#organization"},"potentialAction":[{"@type":"SearchAction","target":{"@type":"EntryPoint","urlTemplate":"https:\/\/fast-gas.com\/de\/?s={search_term_string}"},"query-input":{"@type":"PropertyValueSpecification","valueRequired":true,"valueName":"search_term_string"}}],"inLanguage":"de-DE"},{"@type":"Organization","@id":"https:\/\/fast-gas.com\/de\/#organization","name":"FastGas - Helium, CO2 & N2O Wholesale","alternateName":"Fast Gas","url":"https:\/\/fast-gas.com\/de\/","logo":{"@type":"ImageObject","inLanguage":"de-DE","@id":"https:\/\/fast-gas.com\/de\/#\/schema\/logo\/image\/","url":"https:\/\/fast-gas.com\/wp-content\/uploads\/2025\/03\/cropped-Fastgas-Favicon.png","contentUrl":"https:\/\/fast-gas.com\/wp-content\/uploads\/2025\/03\/cropped-Fastgas-Favicon.png","width":512,"height":512,"caption":"FastGas - Helium, CO2 & N2O Wholesale"},"image":{"@id":"https:\/\/fast-gas.com\/de\/#\/schema\/logo\/image\/"},"sameAs":["https:\/\/facebook.com\/wearefastgas","https:\/\/www.youtube.com\/channel\/UCV5w9vrihWFu0yM7SZzQfVQ\/videos","https:\/\/instagram.com\/fastgas.official"]},{"@type":"Person","@id":"https:\/\/fast-gas.com\/de\/#\/schema\/person\/4b3a9beffb469faf985fef2c2b684689","name":"Bro FastGas","description":"Meet our Culinary Gas &amp; Tech Editor: pioneering N2O, CO2, and cream charger innovations with recipes, reviews, and cutting-edge insights.","url":"https:\/\/fast-gas.com\/de\/author\/iryna\/"}]}},"_links":{"self":[{"href":"https:\/\/fast-gas.com\/de\/wp-json\/wp\/v2\/pages\/1453","targetHints":{"allow":["GET"]}}],"collection":[{"href":"https:\/\/fast-gas.com\/de\/wp-json\/wp\/v2\/pages"}],"about":[{"href":"https:\/\/fast-gas.com\/de\/wp-json\/wp\/v2\/types\/page"}],"author":[{"embeddable":true,"href":"https:\/\/fast-gas.com\/de\/wp-json\/wp\/v2\/users\/5216"}],"replies":[{"embeddable":true,"href":"https:\/\/fast-gas.com\/de\/wp-json\/wp\/v2\/comments?post=1453"}],"version-history":[{"count":8,"href":"https:\/\/fast-gas.com\/de\/wp-json\/wp\/v2\/pages\/1453\/revisions"}],"predecessor-version":[{"id":34947,"href":"https:\/\/fast-gas.com\/de\/wp-json\/wp\/v2\/pages\/1453\/revisions\/34947"}],"wp:featuredmedia":[{"embeddable":true,"href":"https:\/\/fast-gas.com\/de\/wp-json\/wp\/v2\/media\/1247"}],"wp:attachment":[{"href":"https:\/\/fast-gas.com\/de\/wp-json\/wp\/v2\/media?parent=1453"}],"curies":[{"name":"wp","href":"https:\/\/api.w.org\/{rel}","templated":true}]}}