{"id":1450,"date":"2022-01-24T10:36:38","date_gmt":"2022-01-24T09:36:38","guid":{"rendered":"https:\/\/fast-gas.com\/guidelines-to-buy-cream-chargers\/"},"modified":"2024-05-21T10:56:29","modified_gmt":"2024-05-21T10:56:29","slug":"richtlinien-zum-kauf-sahnekapseln-copy","status":"publish","type":"page","link":"https:\/\/fast-gas.com\/de\/richtlinien-zum-kauf-sahnekapseln-copy\/","title":{"rendered":"Richtlinien zum Kauf Sahnekapseln"},"content":{"rendered":"<p>Wenn Sie Sahnekapseln kaufen m\u00f6chten, achten Sie darauf, dass Sahnekapsel und Sahnekapsel <a href=\"https:\/\/fast-gas.com\/de\/alles-uber-sahnesyphon\/\">Sahnespender<\/a> kompatibel sind. Die g\u00e4ngigsten Sahnekapsel Spender sind ausgelegt, f\u00fcr N2O Kapsler der Gr\u00f6\u00dfenordnung 8g. N2O Sahnekapseln sind gef\u00fcllt mit 100% reinem N2O (Dickstoffmonoxid)<\/p>\n<p>Mit einer Sahnekapsel k\u00f6nnen Sie bis zu 0,5 Liter frisch geschlagene Sahne zubereiten. Im Internet finden sich noch allerhand weitere Rezeptideen, f\u00fcr eine Zubereitung mit Sahne Gaskapseln; schauen Sie dort einfach einmal nach und lassen Sie sich inspirieren.<\/p>\n<p>Absolut empfehlenswert, ist ein <a href=\"https:\/\/fast-gas.com\/de\/alles-uber-sahnespender\/\" data-cke-saved-href=\"https:\/\/fast-gas.com\/de\/pages\/cream-siphon-everything-you-should-know\">Sahnespender<\/a> Gas, aus Edelstahl, mit einem Fassungsverm\u00f6gen von 1,0 Liter.<\/p>\n<p>Schnell + einfach: der <a href=\"https:\/\/fast-gas.com\/de\/top-5-der-lieferanten-von-sahnekapseln-in-deutschland\/\">Sahnekapsel<\/a> Spender wird zur H\u00e4lfte mit Sahne bef\u00fcllt, die Sahnekartusche wird eingesetzt, als n\u00e4chstes, den Beh\u00e4lter gut schlie\u00dfen und kr\u00e4ftig sch\u00fctteln. Das Ergebnis l\u00e4sst sich sehen; mit dem Edelstahl- Sahnespender Gas, zaubern Sie eine perfekte <a href=\"https:\/\/fast-gas.com\/de\/alles-uber-sahnesyphon\/\" data-cke-saved-href=\"https:\/\/fast-gas.com\/de\/pages\/cream-siphon-everything-you-should-know\">Sahnehaube<\/a>, die jedes Getr\u00e4nk besonders macht.<\/p>\n<p style=\"text-align: center;\"><a class=\"button button--primary hero__button\" href=\"https:\/\/fast-gas.com\/de\/verteiler\/\">Werden Sie Vertriebspartner<\/a><\/p>\n<h2>Sahnekapseln wo kaufen?<\/h2>\n<p>Erh\u00e4ltlich sind N2O Sahnekapseln in unterschiedlichen Ausf\u00fchrungen, Beispielsweise in 7,5g aber auch 8,4g Kapseln kaufen, k\u00f6nnen Sie im Internet oder im Laden um die Ecke.<\/p>\n<p>Wenn Sie Sahnekapseln N2O kaufen m\u00f6chten, werden Sie feststellen, dass sich ein breites Spektrum an Herstellern und Marken, auf dem Markt tummelt. Kapseln kaufen, k\u00f6nnen Sie von &#8211; bis. Spielt der Preis keine Rolle, k\u00f6nnen Sie Sahnekapseln kaufen, die knapp 70,00 Euro kosten. Wer eine g\u00fcnstige Alternative sucht, kann aber auch Sahne Gaskapseln f\u00fcr knappe 20,00 Euro finden.<\/p>\n<h2>Wo kann ich Sahnekapseln am besten Kaufen?<\/h2>\n<p>Nat\u00fcrlich finden Sie die gr\u00f6\u00dfte Auswahl immer online. Auf verschiedenen Plattformen, werden Sahnekapseln N2O zu verschiedenen Preisen angeboten. Sie sollten aber nicht gleich die erstbesten N2O Kapsler bestellen, informieren Sie sich gut und schauen Sie eventuell auch einmal in einen Testbericht hinein. N2O Sahnekapseln sind nicht einfach nur grandiose K\u00fcchenhelfer, leider werden die Kapseln oft zweckentfremdet.<\/p>\n<p>Sahnekapseln Drogen sind nicht untypisch und mit einem frei erh\u00e4ltlichen Sahnekapsel \u00d6ffner gelingt der Konsum auch kinderleicht. Ohne einen Sahnekapsel \u00d6ffner d\u00fcrfte das \u00d6ffnen der Sahnekartuschen ein etwas schwierigeres Unterfangen sein. Abzuraten ist von dem Konsum allemal. So oder so. In England legal und bekannt, als &#8220;Hippy Crack&#8221;- Dickstoffmonoxid eingeatmet, f\u00fchrt zu einem heftigen, kurzen Rausch, der keineswegs zu untersch\u00e4tzen ist.<\/p>\n<p>Sahnekapseln Drogen, sind kein Spa\u00df f\u00fcr einen Kindergeburtstag. Der Zustand nach Einatmen von Distickstoffmonoxid oder N2O, so der wissenschaftliche Name, wird oft beschrieben, als Trance-artig. Der K\u00f6rper f\u00fchlt sich schwerer an, die Sinneseindr\u00fccke verst\u00e4rken sich deutlich. Sahnekapseln Drogen f\u00fchren oft zu einem schnellen Rausch mit Langzeitfolgen.<\/p>\n<p>Distickstoffmonoxid kann zur Abh\u00e4ngigkeit f\u00fchren, aber auch Folgen, wie Sch\u00e4digungen des zentralen Nervensystems sind durchaus m\u00f6glich. Sahnekapseln inhalieren kann besonders gef\u00e4hrlich werden, wenn sich noch andere Drogen im K\u00f6rper befinden. Im schlimmsten Fall kann das Sahnekapseln inhalieren zum Tode f\u00fchren.<\/p>\n<h2>Zur\u00fcck zum eigentlichen Thema: Sahnekapseln wo kaufen?<\/h2>\n<p>Nat\u00fcrlich k\u00f6nnen Sie N2O Kapsler online bestellen, auch Sahnespender sind in rauen Mengen zu finden. M\u00f6chten Sie die Sahnekartuschen und den Sahnespender jedoch vor dem Kauf genauer in Augenschein nehmen, k\u00f6nnen Sie sich hochwertige Produkte, wie: <i>Sahnekapseln Rossmann<\/i>, von der Marke Flink&amp;Sauber, kaufen. Sahnekapseln Rossmann sind erh\u00e4ltlich in 10er Packungen, zu einem erschwinglichen Preis.<\/p>\n<p>Zum fachm\u00e4nnischen Sahnekapseln Entsorgen, sollten Sie die leeren <a href=\"https:\/\/fast-gas.com\/de\/wie-zu-verweden-sahnekapseln-offner\/\" data-cke-saved-href=\"https:\/\/fast-gas.com\/de\/pages\/how-to-use-cream-cartridges\">Kartuschen<\/a> bei einem \u00f6ffentlichen Werkstoffhof abgeben oder in einen Altmetallcontainer werfen. Das Sahnekapseln Entsorgen sollte niemals \u00fcber den gelben Sack oder die Restm\u00fclltonne laufen. Sahnekapseln werden aus widerverwendbarem Stahl, umweltfreundlich hergestellt. Wer seine Kapseln also, wie oben beschrieben, entsorgt, f\u00fchrt die Kartuschen so dem Recycling zu und tut damit auch gleich etwas Gutes f\u00fcr unsere Umwelt.<\/p>\n","protected":false},"excerpt":{"rendered":"<p>Wenn Sie Sahnekapseln kaufen m\u00f6chten, achten Sie darauf, dass Sahnekapsel und Sahnekapsel Sahnespender kompatibel sind. Die g\u00e4ngigsten Sahnekapsel Spender sind ausgelegt, f\u00fcr N2O Kapsler der Gr\u00f6\u00dfenordnung 8g. N2O Sahnekapseln sind gef\u00fcllt mit 100% reinem N2O (Dickstoffmonoxid) Mit einer Sahnekapsel k\u00f6nnen Sie bis zu 0,5 Liter frisch geschlagene Sahne zubereiten. Im Internet finden sich noch allerhand [&hellip;]<\/p>\n","protected":false},"author":5216,"featured_media":35864,"parent":0,"menu_order":0,"comment_status":"closed","ping_status":"closed","template":"","meta":{"_acf_changed":false,"footnotes":""},"class_list":["post-1450","page","type-page","status-publish","has-post-thumbnail","hentry"],"acf":[],"yoast_head":"<!-- This site is optimized with the Yoast SEO plugin v27.2 - https:\/\/yoast.com\/product\/yoast-seo-wordpress\/ -->\n<title>Richtlinien zum Kauf Sahnekapseln | FastGas Cream Charger<\/title>\n<meta name=\"description\" content=\"Der beste Ort, um Sahnekapseln zu kaufen, worauf man beim Kauf von Sahnekapseln achten sollte und die Verwendung der Sahnekapseln.\" \/>\n<meta name=\"robots\" content=\"index, follow, max-snippet:-1, max-image-preview:large, max-video-preview:-1\" \/>\n<link rel=\"canonical\" href=\"https:\/\/fast-gas.com\/de\/richtlinien-zum-kauf-sahnekapseln-copy\/\" \/>\n<meta property=\"og:locale\" content=\"de_DE\" \/>\n<meta property=\"og:type\" content=\"article\" \/>\n<meta property=\"og:title\" content=\"Richtlinien zum Kauf Sahnekapseln | FastGas Cream Charger\" \/>\n<meta property=\"og:description\" content=\"Der beste Ort, um Sahnekapseln zu kaufen, worauf man beim Kauf von Sahnekapseln achten sollte und die Verwendung der Sahnekapseln.\" \/>\n<meta property=\"og:url\" content=\"https:\/\/fast-gas.com\/de\/richtlinien-zum-kauf-sahnekapseln-copy\/\" \/>\n<meta property=\"og:site_name\" content=\"FastGas\" \/>\n<meta property=\"article:publisher\" content=\"https:\/\/facebook.com\/wearefastgas\" \/>\n<meta property=\"article:modified_time\" content=\"2024-05-21T10:56:29+00:00\" \/>\n<meta property=\"og:image\" content=\"https:\/\/fast-gas.com\/wp-content\/uploads\/2024\/05\/FastGas-Canister.jpg\" \/>\n\t<meta property=\"og:image:width\" content=\"1280\" \/>\n\t<meta property=\"og:image:height\" content=\"720\" \/>\n\t<meta property=\"og:image:type\" content=\"image\/jpeg\" \/>\n<meta name=\"twitter:card\" content=\"summary_large_image\" \/>\n<meta name=\"twitter:label1\" content=\"Est. reading time\" \/>\n\t<meta name=\"twitter:data1\" content=\"3 minutes\" \/>\n<script type=\"application\/ld+json\" class=\"yoast-schema-graph\">{\"@context\":\"https:\/\/schema.org\",\"@graph\":[{\"@type\":[\"Article\",\"BlogPosting\"],\"@id\":\"https:\/\/fast-gas.com\/de\/richtlinien-zum-kauf-sahnekapseln-copy\/#article\",\"isPartOf\":{\"@id\":\"https:\/\/fast-gas.com\/de\/richtlinien-zum-kauf-sahnekapseln-copy\/\"},\"author\":{\"name\":\"Bro FastGas\",\"@id\":\"https:\/\/fast-gas.com\/de\/#\/schema\/person\/4b3a9beffb469faf985fef2c2b684689\"},\"headline\":\"Richtlinien zum Kauf Sahnekapseln\",\"datePublished\":\"2022-01-24T09:36:38+00:00\",\"dateModified\":\"2024-05-21T10:56:29+00:00\",\"mainEntityOfPage\":{\"@id\":\"https:\/\/fast-gas.com\/de\/richtlinien-zum-kauf-sahnekapseln-copy\/\"},\"wordCount\":623,\"publisher\":{\"@id\":\"https:\/\/fast-gas.com\/de\/#organization\"},\"image\":{\"@id\":\"https:\/\/fast-gas.com\/de\/richtlinien-zum-kauf-sahnekapseln-copy\/#primaryimage\"},\"thumbnailUrl\":\"https:\/\/fast-gas.com\/wp-content\/uploads\/2024\/05\/FastGas-Canister.jpg\",\"inLanguage\":\"de-DE\"},{\"@type\":\"WebPage\",\"@id\":\"https:\/\/fast-gas.com\/de\/richtlinien-zum-kauf-sahnekapseln-copy\/\",\"url\":\"https:\/\/fast-gas.com\/de\/richtlinien-zum-kauf-sahnekapseln-copy\/\",\"name\":\"Richtlinien zum Kauf Sahnekapseln | FastGas Cream Charger\",\"isPartOf\":{\"@id\":\"https:\/\/fast-gas.com\/de\/#website\"},\"primaryImageOfPage\":{\"@id\":\"https:\/\/fast-gas.com\/de\/richtlinien-zum-kauf-sahnekapseln-copy\/#primaryimage\"},\"image\":{\"@id\":\"https:\/\/fast-gas.com\/de\/richtlinien-zum-kauf-sahnekapseln-copy\/#primaryimage\"},\"thumbnailUrl\":\"https:\/\/fast-gas.com\/wp-content\/uploads\/2024\/05\/FastGas-Canister.jpg\",\"datePublished\":\"2022-01-24T09:36:38+00:00\",\"dateModified\":\"2024-05-21T10:56:29+00:00\",\"description\":\"Der beste Ort, um Sahnekapseln zu kaufen, worauf man beim Kauf von Sahnekapseln achten sollte und die Verwendung der Sahnekapseln.\",\"breadcrumb\":{\"@id\":\"https:\/\/fast-gas.com\/de\/richtlinien-zum-kauf-sahnekapseln-copy\/#breadcrumb\"},\"inLanguage\":\"de-DE\",\"potentialAction\":[{\"@type\":\"ReadAction\",\"target\":[\"https:\/\/fast-gas.com\/de\/richtlinien-zum-kauf-sahnekapseln-copy\/\"]}]},{\"@type\":\"ImageObject\",\"inLanguage\":\"de-DE\",\"@id\":\"https:\/\/fast-gas.com\/de\/richtlinien-zum-kauf-sahnekapseln-copy\/#primaryimage\",\"url\":\"https:\/\/fast-gas.com\/wp-content\/uploads\/2024\/05\/FastGas-Canister.jpg\",\"contentUrl\":\"https:\/\/fast-gas.com\/wp-content\/uploads\/2024\/05\/FastGas-Canister.jpg\",\"width\":1280,\"height\":720,\"caption\":\"FastGas Canister\"},{\"@type\":\"BreadcrumbList\",\"@id\":\"https:\/\/fast-gas.com\/de\/richtlinien-zum-kauf-sahnekapseln-copy\/#breadcrumb\",\"itemListElement\":[{\"@type\":\"ListItem\",\"position\":1,\"name\":\"Home\",\"item\":\"https:\/\/fast-gas.com\/de\/\"},{\"@type\":\"ListItem\",\"position\":2,\"name\":\"Richtlinien zum Kauf Sahnekapseln\"}]},{\"@type\":\"WebSite\",\"@id\":\"https:\/\/fast-gas.com\/de\/#website\",\"url\":\"https:\/\/fast-gas.com\/de\/\",\"name\":\"FastGas\",\"description\":\"N2O Cream Chargers\",\"publisher\":{\"@id\":\"https:\/\/fast-gas.com\/de\/#organization\"},\"potentialAction\":[{\"@type\":\"SearchAction\",\"target\":{\"@type\":\"EntryPoint\",\"urlTemplate\":\"https:\/\/fast-gas.com\/de\/?s={search_term_string}\"},\"query-input\":{\"@type\":\"PropertyValueSpecification\",\"valueRequired\":true,\"valueName\":\"search_term_string\"}}],\"inLanguage\":\"de-DE\"},{\"@type\":\"Organization\",\"@id\":\"https:\/\/fast-gas.com\/de\/#organization\",\"name\":\"FastGas - Helium, CO2 & N2O Wholesale\",\"alternateName\":\"Fast Gas\",\"url\":\"https:\/\/fast-gas.com\/de\/\",\"logo\":{\"@type\":\"ImageObject\",\"inLanguage\":\"de-DE\",\"@id\":\"https:\/\/fast-gas.com\/de\/#\/schema\/logo\/image\/\",\"url\":\"https:\/\/fast-gas.com\/wp-content\/uploads\/2025\/03\/cropped-Fastgas-Favicon.png\",\"contentUrl\":\"https:\/\/fast-gas.com\/wp-content\/uploads\/2025\/03\/cropped-Fastgas-Favicon.png\",\"width\":512,\"height\":512,\"caption\":\"FastGas - Helium, CO2 & N2O Wholesale\"},\"image\":{\"@id\":\"https:\/\/fast-gas.com\/de\/#\/schema\/logo\/image\/\"},\"sameAs\":[\"https:\/\/facebook.com\/wearefastgas\",\"https:\/\/www.youtube.com\/channel\/UCV5w9vrihWFu0yM7SZzQfVQ\/videos\",\"https:\/\/instagram.com\/fastgas.official\"]},{\"@type\":\"Person\",\"@id\":\"https:\/\/fast-gas.com\/de\/#\/schema\/person\/4b3a9beffb469faf985fef2c2b684689\",\"name\":\"Bro FastGas\",\"description\":\"Meet our Culinary Gas &amp; Tech Editor: pioneering N2O, CO2, and cream charger innovations with recipes, reviews, and cutting-edge insights.\",\"url\":\"https:\/\/fast-gas.com\/de\/author\/iryna\/\"}]}<\/script>\n<!-- \/ Yoast SEO plugin. -->","yoast_head_json":{"title":"Richtlinien zum Kauf Sahnekapseln | FastGas Cream Charger","description":"Der beste Ort, um Sahnekapseln zu kaufen, worauf man beim Kauf von Sahnekapseln achten sollte und die Verwendung der Sahnekapseln.","robots":{"index":"index","follow":"follow","max-snippet":"max-snippet:-1","max-image-preview":"max-image-preview:large","max-video-preview":"max-video-preview:-1"},"canonical":"https:\/\/fast-gas.com\/de\/richtlinien-zum-kauf-sahnekapseln-copy\/","og_locale":"de_DE","og_type":"article","og_title":"Richtlinien zum Kauf Sahnekapseln | FastGas Cream Charger","og_description":"Der beste Ort, um Sahnekapseln zu kaufen, worauf man beim Kauf von Sahnekapseln achten sollte und die Verwendung der Sahnekapseln.","og_url":"https:\/\/fast-gas.com\/de\/richtlinien-zum-kauf-sahnekapseln-copy\/","og_site_name":"FastGas","article_publisher":"https:\/\/facebook.com\/wearefastgas","article_modified_time":"2024-05-21T10:56:29+00:00","og_image":[{"width":1280,"height":720,"url":"https:\/\/fast-gas.com\/wp-content\/uploads\/2024\/05\/FastGas-Canister.jpg","type":"image\/jpeg"}],"twitter_card":"summary_large_image","twitter_misc":{"Est. reading time":"3 minutes"},"schema":{"@context":"https:\/\/schema.org","@graph":[{"@type":["Article","BlogPosting"],"@id":"https:\/\/fast-gas.com\/de\/richtlinien-zum-kauf-sahnekapseln-copy\/#article","isPartOf":{"@id":"https:\/\/fast-gas.com\/de\/richtlinien-zum-kauf-sahnekapseln-copy\/"},"author":{"name":"Bro FastGas","@id":"https:\/\/fast-gas.com\/de\/#\/schema\/person\/4b3a9beffb469faf985fef2c2b684689"},"headline":"Richtlinien zum Kauf Sahnekapseln","datePublished":"2022-01-24T09:36:38+00:00","dateModified":"2024-05-21T10:56:29+00:00","mainEntityOfPage":{"@id":"https:\/\/fast-gas.com\/de\/richtlinien-zum-kauf-sahnekapseln-copy\/"},"wordCount":623,"publisher":{"@id":"https:\/\/fast-gas.com\/de\/#organization"},"image":{"@id":"https:\/\/fast-gas.com\/de\/richtlinien-zum-kauf-sahnekapseln-copy\/#primaryimage"},"thumbnailUrl":"https:\/\/fast-gas.com\/wp-content\/uploads\/2024\/05\/FastGas-Canister.jpg","inLanguage":"de-DE"},{"@type":"WebPage","@id":"https:\/\/fast-gas.com\/de\/richtlinien-zum-kauf-sahnekapseln-copy\/","url":"https:\/\/fast-gas.com\/de\/richtlinien-zum-kauf-sahnekapseln-copy\/","name":"Richtlinien zum Kauf Sahnekapseln | FastGas Cream Charger","isPartOf":{"@id":"https:\/\/fast-gas.com\/de\/#website"},"primaryImageOfPage":{"@id":"https:\/\/fast-gas.com\/de\/richtlinien-zum-kauf-sahnekapseln-copy\/#primaryimage"},"image":{"@id":"https:\/\/fast-gas.com\/de\/richtlinien-zum-kauf-sahnekapseln-copy\/#primaryimage"},"thumbnailUrl":"https:\/\/fast-gas.com\/wp-content\/uploads\/2024\/05\/FastGas-Canister.jpg","datePublished":"2022-01-24T09:36:38+00:00","dateModified":"2024-05-21T10:56:29+00:00","description":"Der beste Ort, um Sahnekapseln zu kaufen, worauf man beim Kauf von Sahnekapseln achten sollte und die Verwendung der Sahnekapseln.","breadcrumb":{"@id":"https:\/\/fast-gas.com\/de\/richtlinien-zum-kauf-sahnekapseln-copy\/#breadcrumb"},"inLanguage":"de-DE","potentialAction":[{"@type":"ReadAction","target":["https:\/\/fast-gas.com\/de\/richtlinien-zum-kauf-sahnekapseln-copy\/"]}]},{"@type":"ImageObject","inLanguage":"de-DE","@id":"https:\/\/fast-gas.com\/de\/richtlinien-zum-kauf-sahnekapseln-copy\/#primaryimage","url":"https:\/\/fast-gas.com\/wp-content\/uploads\/2024\/05\/FastGas-Canister.jpg","contentUrl":"https:\/\/fast-gas.com\/wp-content\/uploads\/2024\/05\/FastGas-Canister.jpg","width":1280,"height":720,"caption":"FastGas Canister"},{"@type":"BreadcrumbList","@id":"https:\/\/fast-gas.com\/de\/richtlinien-zum-kauf-sahnekapseln-copy\/#breadcrumb","itemListElement":[{"@type":"ListItem","position":1,"name":"Home","item":"https:\/\/fast-gas.com\/de\/"},{"@type":"ListItem","position":2,"name":"Richtlinien zum Kauf Sahnekapseln"}]},{"@type":"WebSite","@id":"https:\/\/fast-gas.com\/de\/#website","url":"https:\/\/fast-gas.com\/de\/","name":"FastGas","description":"N2O Cream Chargers","publisher":{"@id":"https:\/\/fast-gas.com\/de\/#organization"},"potentialAction":[{"@type":"SearchAction","target":{"@type":"EntryPoint","urlTemplate":"https:\/\/fast-gas.com\/de\/?s={search_term_string}"},"query-input":{"@type":"PropertyValueSpecification","valueRequired":true,"valueName":"search_term_string"}}],"inLanguage":"de-DE"},{"@type":"Organization","@id":"https:\/\/fast-gas.com\/de\/#organization","name":"FastGas - Helium, CO2 & N2O Wholesale","alternateName":"Fast Gas","url":"https:\/\/fast-gas.com\/de\/","logo":{"@type":"ImageObject","inLanguage":"de-DE","@id":"https:\/\/fast-gas.com\/de\/#\/schema\/logo\/image\/","url":"https:\/\/fast-gas.com\/wp-content\/uploads\/2025\/03\/cropped-Fastgas-Favicon.png","contentUrl":"https:\/\/fast-gas.com\/wp-content\/uploads\/2025\/03\/cropped-Fastgas-Favicon.png","width":512,"height":512,"caption":"FastGas - Helium, CO2 & N2O Wholesale"},"image":{"@id":"https:\/\/fast-gas.com\/de\/#\/schema\/logo\/image\/"},"sameAs":["https:\/\/facebook.com\/wearefastgas","https:\/\/www.youtube.com\/channel\/UCV5w9vrihWFu0yM7SZzQfVQ\/videos","https:\/\/instagram.com\/fastgas.official"]},{"@type":"Person","@id":"https:\/\/fast-gas.com\/de\/#\/schema\/person\/4b3a9beffb469faf985fef2c2b684689","name":"Bro FastGas","description":"Meet our Culinary Gas &amp; Tech Editor: pioneering N2O, CO2, and cream charger innovations with recipes, reviews, and cutting-edge insights.","url":"https:\/\/fast-gas.com\/de\/author\/iryna\/"}]}},"_links":{"self":[{"href":"https:\/\/fast-gas.com\/de\/wp-json\/wp\/v2\/pages\/1450","targetHints":{"allow":["GET"]}}],"collection":[{"href":"https:\/\/fast-gas.com\/de\/wp-json\/wp\/v2\/pages"}],"about":[{"href":"https:\/\/fast-gas.com\/de\/wp-json\/wp\/v2\/types\/page"}],"author":[{"embeddable":true,"href":"https:\/\/fast-gas.com\/de\/wp-json\/wp\/v2\/users\/5216"}],"replies":[{"embeddable":true,"href":"https:\/\/fast-gas.com\/de\/wp-json\/wp\/v2\/comments?post=1450"}],"version-history":[{"count":14,"href":"https:\/\/fast-gas.com\/de\/wp-json\/wp\/v2\/pages\/1450\/revisions"}],"predecessor-version":[{"id":35879,"href":"https:\/\/fast-gas.com\/de\/wp-json\/wp\/v2\/pages\/1450\/revisions\/35879"}],"wp:featuredmedia":[{"embeddable":true,"href":"https:\/\/fast-gas.com\/de\/wp-json\/wp\/v2\/media\/35864"}],"wp:attachment":[{"href":"https:\/\/fast-gas.com\/de\/wp-json\/wp\/v2\/media?parent=1450"}],"curies":[{"name":"wp","href":"https:\/\/api.w.org\/{rel}","templated":true}]}}